{"id":1742,"date":"2022-09-21T11:20:50","date_gmt":"2022-09-21T09:20:50","guid":{"rendered":"https:\/\/www.polsolide.nl\/product\/prywatny-podstawowy-pakiet\/"},"modified":"2023-01-31T00:36:25","modified_gmt":"2023-01-30T23:36:25","slug":"prywatny-pakiet-podstawowy-2","status":"publish","type":"product","link":"https:\/\/www.polsolide.nl\/pl\/product\/prywatny-pakiet-podstawowy-2\/","title":{"rendered":"Prywatny Podstawowy &#8211; Pakiet"},"content":{"rendered":"<p><strong>Dofinansowania<\/strong><\/p>\n<p>Polsolide sprawdza, czy masz prawo do zasi\u0142ku na opiek\u0119 nad dzieckiem, zasi\u0142ku czynszowego, zasi\u0142ku opieku\u0144czego lub bud\u017cetu zwi\u0105zanego z dzieckiem, ubiega si\u0119 o to dla Ciebie i sprawdza, czy otrzymujesz prawid\u0142ow\u0105 kwot\u0119.<\/p>\n<p>&nbsp;<\/p>\n<p><strong>Zeznanie podatkowe<\/strong><\/p>\n<p>Polsolide dba o roczne zeznanie podatkowe dla Ciebie, a je\u015bli chcesz r\u00f3wnie\u017c dla partnera i dzieci.<\/p>\n<p>&nbsp;<\/p>\n<p><strong>Abonamenty<\/strong><\/p>\n<p>Specjalnie dla os\u00f3b prywatnych pracujemy z abonamentami . P\u0142acisz sta\u0142\u0105 kwot\u0119 miesi\u0119cznie, za kt\u00f3r\u0105 przez ca\u0142y czas pomagamy Ci w kwestiach administracyjnych i podatkowych i w odniesieniu do kt\u00f3rych utrzymujemy porz\u0105dek w Administracji. Oznacza to, \u017ce nie ma nieoczekiwanie wysokich rachunk\u00f3w p\u00f3\u017aniej, ale rozk\u0142ad koszt\u00f3w co miesi\u0105c co pozwala Ci abys zadbal o swoje sprawy ze spokojna glowa.<\/p>\n<p>&nbsp;<\/p>\n<p><strong>Bezp\u0142atna rozmowa orientacyjna<\/strong><\/p>\n<p>Polsolide oferuje bezp\u0142atn\u0105 rozmow\u0119 orientacyjn\u0105.<\/p>\n<p>Mo\u017cesz skorzysta\u0107 z formularza kontaktowego, aby um\u00f3wi\u0107 si\u0119 na spotkanie lub zadzwoni\u0107 pod numer 06-25 535 275<\/p>\n<p>&nbsp;<\/p>\n<p><strong>Co dzieje si\u0119 po rejestracji?<\/strong><\/p>\n<p>Twoje dane zostan\u0105 przez nas sprawdzone i w ci\u0105gu 1 dnia roboczego otrzymasz swoje dane logowania e-mailem.<\/p>\n","protected":false},"excerpt":{"rendered":"<p>Nie musisz by\u0107 przedsi\u0119biorc\u0105, aby zosta\u0107 u nas klientem. Osoby prywatne s\u0105 r\u00f3wnie\u017c bardzo mile widziane. Dostajesz w\u0142asne dane logowania i dost\u0119p do portalu klienta w Nextens, wysy\u0142asz wszystkie dokumenty online. Nasza wspolpraca przebiega bardzo plynnie . Polsolide odciaza klientow , ktorzy borykaja sie bariera jezykowa oraz niedokonca odnajdujacych sie w holenderskich przepisach .Poni\u017cej znajduje si\u0119 lista rzeczy, kt\u00f3re Ci oferujemy . Masz do wybory 2 abonamenty podstawowy oraz premium , ktory odciazy Cie od wszelkich administarcyjo \u2013 jezykowych spraw za stala kwote miesieczna .<\/p>\n","protected":false},"featured_media":0,"template":"","meta":{"inline_featured_image":false},"product_cat":[],"product_tag":[],"class_list":["post-1742","product","type-product","status-publish","hentry"],"_links":{"self":[{"href":"https:\/\/www.polsolide.nl\/pl\/wp-json\/wp\/v2\/product\/1742","targetHints":{"allow":["GET"]}}],"collection":[{"href":"https:\/\/www.polsolide.nl\/pl\/wp-json\/wp\/v2\/product"}],"about":[{"href":"https:\/\/www.polsolide.nl\/pl\/wp-json\/wp\/v2\/types\/product"}],"wp:attachment":[{"href":"https:\/\/www.polsolide.nl\/pl\/wp-json\/wp\/v2\/media?parent=1742"}],"wp:term":[{"taxonomy":"product_cat","embeddable":true,"href":"https:\/\/www.polsolide.nl\/pl\/wp-json\/wp\/v2\/product_cat?post=1742"},{"taxonomy":"product_tag","embeddable":true,"href":"https:\/\/www.polsolide.nl\/pl\/wp-json\/wp\/v2\/product_tag?post=1742"}],"curies":[{"name":"wp","href":"https:\/\/api.w.org\/{rel}","templated":true}]}}