{"id":1741,"date":"2022-09-21T11:23:33","date_gmt":"2022-09-21T09:23:33","guid":{"rendered":"https:\/\/www.polsolide.nl\/product\/life-coach-jestem-wolny-pakiet\/"},"modified":"2022-10-19T14:50:25","modified_gmt":"2022-10-19T12:50:25","slug":"pakiet-life-coach-im-free-2","status":"publish","type":"product","link":"https:\/\/www.polsolide.nl\/pl\/product\/pakiet-life-coach-im-free-2\/","title":{"rendered":"Life Coach &#8220;Jestem wolny&#8221; &#8211; Pakiet"},"content":{"rendered":"<div class=\"elementor-element elementor-element-171f283 elementor-widget elementor-widget-text-editor\" data-id=\"171f283\" data-element_type=\"widget\" data-widget_type=\"text-editor.default\">\n<div class=\"elementor-widget-container\">\n<div class=\"ql-block\" data-block-id=\"block-bacbbd92-edba-4b80-993e-59bb09da0f35\">Co otrzymujesz, gdy zdecydujesz sie na program?<\/div>\n<ul>\n<li>Otrzymasz codzienna afirmacje , ktora pomo\u017ce Ci przeprogramowa\u0107 Twoje bledne przekonania i szybciej zamanifestowa\u0107 swoje cele. ORAZ Otrzymasz codzienny tekst , ktory skloni Cie do refleksji i przyblizy do wolnosci Twojego umyslu<\/li>\n<li><\/li>\n<li>Na prywatnym koncie Instagram raz w tygodniu dostajesz nowy motyw z filmem i nowym zadaniem. Przeznacz oko\u0142o 20-30 minut na prac\u0119 nad tym wyzwaniem<\/li>\n<li><\/li>\n<li>1 raz w tygodniu otrzymujesz tajne nagranie g\u0142osowe o samorozwoju, ciekawe wskaz\u00f3wki ode mnie, kt\u00f3re wprawi\u0105 Ci\u0119 w odpowiednie wibracje i zaktywizuj\u0105 Twoja przemiane<\/li>\n<\/ul>\n<\/div>\n<\/div>\n","protected":false},"excerpt":{"rendered":"<p>Wszystko siedzi w g\u0142owie. My\u015blisz, \u017ce musisz dostosowa\u0107 si\u0119 do \u017cycia? Myslisz ,ze trzeba brac to co Nam los daje , bo nie mamy na nic wplywu? Myslisz ,ze nie jestes w stanie zyc tak jak naprawde bys chcial , bo \u2026\u2026\u2026.Nie ma nic bardziej mylnego ni\u017c te przekonanie. Dzi\u0119ki temu programowi chc\u0119 Ci u\u015bwiadomi\u0107, \u017ce Twoje \u017cycie jest w Twoich r\u0119kach, Twoje my\u015bli tworz\u0105 Tw\u00f3j dzie\u0144 i przysz\u0142o\u015b\u0107. ODWA\u017b SI\u0118 BY\u0106 WOLNYM<\/p>\n","protected":false},"featured_media":0,"template":"","meta":{"inline_featured_image":false},"product_cat":[61],"product_tag":[],"class_list":["post-1741","product","type-product","status-publish","hentry","product_cat-trener-zyciowy-pl"],"_links":{"self":[{"href":"https:\/\/www.polsolide.nl\/pl\/wp-json\/wp\/v2\/product\/1741","targetHints":{"allow":["GET"]}}],"collection":[{"href":"https:\/\/www.polsolide.nl\/pl\/wp-json\/wp\/v2\/product"}],"about":[{"href":"https:\/\/www.polsolide.nl\/pl\/wp-json\/wp\/v2\/types\/product"}],"wp:attachment":[{"href":"https:\/\/www.polsolide.nl\/pl\/wp-json\/wp\/v2\/media?parent=1741"}],"wp:term":[{"taxonomy":"product_cat","embeddable":true,"href":"https:\/\/www.polsolide.nl\/pl\/wp-json\/wp\/v2\/product_cat?post=1741"},{"taxonomy":"product_tag","embeddable":true,"href":"https:\/\/www.polsolide.nl\/pl\/wp-json\/wp\/v2\/product_tag?post=1741"}],"curies":[{"name":"wp","href":"https:\/\/api.w.org\/{rel}","templated":true}]}}