{"id":1740,"date":"2022-09-21T11:24:00","date_gmt":"2022-09-21T09:24:00","guid":{"rendered":"https:\/\/www.polsolide.nl\/product\/life-coach-moc-w-sobie-pakiet\/"},"modified":"2023-03-02T00:15:48","modified_gmt":"2023-03-01T23:15:48","slug":"pakiet-life-coach-the-power-in-yourself","status":"publish","type":"product","link":"https:\/\/www.polsolide.nl\/pl\/product\/pakiet-life-coach-the-power-in-yourself\/","title":{"rendered":"Life Coach &#8220;Moc w sobie&#8221; &#8211; Pakiet"},"content":{"rendered":"<div class=\"elementor-element elementor-element-9dc593f elementor-widget elementor-widget-text-editor\" data-id=\"9dc593f\" data-element_type=\"widget\" data-widget_type=\"text-editor.default\">\n<div class=\"elementor-widget-container\">\n<p>Jeste\u015bcie tu z jakiego\u015b powodu i gdzie\u015b to czujecie. Jest w Tobie ogromna moc, bo jeste\u015b tu po to, by \u017cy\u0107 swoim najpi\u0119kniejszym \u017cyciem. Czy jeste\u015b gotowy, aby przej\u015b\u0107 na NEXT LEVEL ? Czy jeste\u015b gotowa, by w ko\u0144cu pozwoli\u0107 sobie \u017cy\u0107 ? W takim razie trafi\u0142e\u015b we w\u0142a\u015bciwe miejsce !<\/p>\n<p><strong>Dla kogo program jest odpowiedni?<\/strong><\/p>\n<\/div>\n<\/div>\n<section class=\"elementor-section elementor-inner-section elementor-element elementor-element-13e08c4 elementor-section-boxed elementor-section-height-default elementor-section-height-default\" data-id=\"13e08c4\" data-element_type=\"section\">\n<div class=\"elementor-container elementor-column-gap-no\">\n<div class=\"elementor-column elementor-col-100 elementor-inner-column elementor-element elementor-element-4916cd8\" data-id=\"4916cd8\" data-element_type=\"column\">\n<div class=\"elementor-widget-wrap elementor-element-populated\">\n<div class=\"elementor-element elementor-element-4d25e42 elementor-icon-list--layout-traditional elementor-list-item-link-full_width elementor-widget elementor-widget-icon-list\" data-id=\"4d25e42\" data-element_type=\"widget\" data-widget_type=\"icon-list.default\">\n<div class=\"elementor-widget-container\">\n<ul class=\"elementor-icon-list-items\">\n<li class=\"elementor-icon-list-item\"><i class=\"fas fa-chevron-right\" aria-hidden=\"true\"><\/i><span class=\"elementor-icon-list-text\">Czujesz, \u017ce jest w tobie wi\u0119cej, a tw\u00f3j potencja\u0142 wreszcie chce si\u0119 ujawni\u0107<\/span><\/li>\n<li class=\"elementor-icon-list-item\"><i class=\"fas fa-chevron-right\" aria-hidden=\"true\"><\/i><span class=\"elementor-icon-list-text\">Chcesz przekszta\u0142ci\u0107 swoje niepowodzenia w swoje unikalne mocne strony<\/span><\/li>\n<li class=\"elementor-icon-list-item\"><i class=\"fas fa-chevron-right\" aria-hidden=\"true\"><\/i><span class=\"elementor-icon-list-text\">Chcesz da\u0107 sobie wi\u0119cej mi\u0142o\u015bci i uwagi<\/span><\/li>\n<li class=\"elementor-icon-list-item\"><i class=\"fas fa-chevron-right\" aria-hidden=\"true\"><\/i><span class=\"elementor-icon-list-text\">Chcesz uczyni\u0107 siebie WA\u017bNYM<\/span><\/li>\n<li class=\"elementor-icon-list-item\"><i class=\"fas fa-chevron-right\" aria-hidden=\"true\"><\/i><span class=\"elementor-icon-list-text\">Chcesz nauczy\u0107 si\u0119 ufa\u0107 sobie , wzmocni\u0107 swoj\u0105 intuicj\u0119<\/span><\/li>\n<\/ul>\n<\/div>\n<\/div>\n<div class=\"elementor-element elementor-element-8bf2330 elementor-widget elementor-widget-text-editor\" data-id=\"8bf2330\" data-element_type=\"widget\" data-widget_type=\"text-editor.default\">\n<div class=\"elementor-widget-container\">\n<p><strong>Co dostaniesz, je\u015bli si\u0119 przy\u0142\u0105czysz?<\/strong><\/p>\n<\/div>\n<\/div>\n<div class=\"elementor-element elementor-element-2b8d597 elementor-icon-list--layout-traditional elementor-list-item-link-full_width elementor-widget elementor-widget-icon-list\" data-id=\"2b8d597\" data-element_type=\"widget\" data-widget_type=\"icon-list.default\">\n<div class=\"elementor-widget-container\">\n<ul class=\"elementor-icon-list-items\">\n<li class=\"elementor-icon-list-item\"><i class=\"fas fa-chevron-right\" aria-hidden=\"true\"><\/i><span class=\"elementor-icon-list-text\">Z\u0142amiesz swoje schematy<\/span><\/li>\n<li class=\"elementor-icon-list-item\"><i class=\"fas fa-chevron-right\" aria-hidden=\"true\"><\/i><span class=\"elementor-icon-list-text\">Poznasz lepiej siebie<\/span><\/li>\n<li class=\"elementor-icon-list-item\"><i class=\"fas fa-chevron-right\" aria-hidden=\"true\"><\/i><span class=\"elementor-icon-list-text\">Znajdziesz sw\u00f3j wewn\u0119trzny spok\u00f3j u\u017cywaj\u0105c medytacji<\/span><\/li>\n<li class=\"elementor-icon-list-item\"><i class=\"fas fa-chevron-right\" aria-hidden=\"true\"><\/i><span class=\"elementor-icon-list-text\">Obudzisz swoje sny za pomoc\u0105 wizualizacji<\/span><\/li>\n<li class=\"elementor-icon-list-item\"><i class=\"fas fa-chevron-right\" aria-hidden=\"true\"><\/i><span class=\"elementor-icon-list-text\">Otrzymujesz narz\u0119dzia, z kt\u00f3rymi mo\u017cesz pracowa\u0107, aby przekszta\u0142ci\u0107 swoje pomys\u0142y w rzeczywisto\u015b\u0107<\/span><\/li>\n<li class=\"elementor-icon-list-item\"><i class=\"fas fa-chevron-right\" aria-hidden=\"true\"><\/i><span class=\"elementor-icon-list-text\">Otrzymasz ode mnie ca\u0142e wsparcie, kt\u00f3rego potrzebujesz, aby osi\u0105gn\u0105\u0107 swoje cele<\/span><\/li>\n<\/ul>\n<\/div>\n<\/div>\n<\/div>\n<\/div>\n<\/div>\n<\/section>\n","protected":false},"excerpt":{"rendered":"<p>Jeste\u015bcie tu z jakiego\u015b powodu i gdzie\u015b to czujecie. Jest w Tobie ogromna moc, bo jeste\u015b tu po to, by \u017cy\u0107 swoim najpi\u0119kniejszym \u017cyciem. Czy jeste\u015b gotowy, aby przej\u015b\u0107 na NEXT LEVEL ? Czy jeste\u015b gotowa, by w ko\u0144cu pozwoli\u0107 sobie \u017cy\u0107 ? W takim razie trafi\u0142e\u015b we w\u0142a\u015bciwe miejsce ! Dla kogo program jest [&hellip;]<\/p>\n","protected":false},"featured_media":0,"template":"","meta":{"inline_featured_image":false},"product_cat":[61],"product_tag":[],"class_list":["post-1740","product","type-product","status-publish","hentry","product_cat-trener-zyciowy-pl"],"_links":{"self":[{"href":"https:\/\/www.polsolide.nl\/pl\/wp-json\/wp\/v2\/product\/1740","targetHints":{"allow":["GET"]}}],"collection":[{"href":"https:\/\/www.polsolide.nl\/pl\/wp-json\/wp\/v2\/product"}],"about":[{"href":"https:\/\/www.polsolide.nl\/pl\/wp-json\/wp\/v2\/types\/product"}],"wp:attachment":[{"href":"https:\/\/www.polsolide.nl\/pl\/wp-json\/wp\/v2\/media?parent=1740"}],"wp:term":[{"taxonomy":"product_cat","embeddable":true,"href":"https:\/\/www.polsolide.nl\/pl\/wp-json\/wp\/v2\/product_cat?post=1740"},{"taxonomy":"product_tag","embeddable":true,"href":"https:\/\/www.polsolide.nl\/pl\/wp-json\/wp\/v2\/product_tag?post=1740"}],"curies":[{"name":"wp","href":"https:\/\/api.w.org\/{rel}","templated":true}]}}