{"id":1739,"date":"2022-09-21T11:22:28","date_gmt":"2022-09-21T09:22:28","guid":{"rendered":"https:\/\/www.polsolide.nl\/product\/zzper-pakiet\/"},"modified":"2022-10-19T11:24:34","modified_gmt":"2022-10-19T09:24:34","slug":"pakiet-zzper-2","status":"publish","type":"product","link":"https:\/\/www.polsolide.nl\/pl\/product\/pakiet-zzper-2\/","title":{"rendered":"ZZPer &#8211; Pakiet"},"content":{"rendered":"<p><strong>Podatek od sprzeda\u017cy (VAT) BTW<\/strong><\/p>\n<p>Podatek od sprzeda\u017cy (VAT) to podatek, kt\u00f3ry p\u0142acisz od swoich obrot\u00f3w.<\/p>\n<p>Obliczamy podatek od sprzeda\u017cy i sk\u0142adamy go cyfrowo co miesiac lub co kwartal.<\/p>\n<p>&nbsp;<\/p>\n<p><strong>Podatek dochodowy roczny (IB)<\/strong><\/p>\n<p>Ka\u017cdy, kto mieszka lub pracuje w Holandii, musi zap\u0142aci\u0107 podatek od swoich dochod\u00f3w organom podatkowym. Skladamy roczne zeznania podatkowe!<\/p>\n<p>&nbsp;<\/p>\n<p><strong>Aplikacja SnelStart<\/strong><\/p>\n<p>Dostep do aplikacji jest wliczony w abonament , aplikacja SnelStart sprawia,ze Twoje codzienne wydatki oraz dochody sa przejrzyste , wystarczy ze zrobisz zdejcie np. Rachunku lub faktury telefonem i dolaczysz do swojego konta . W aplikacji mozesz dowoli sporzadzac swoje faktury oraz oferty . Jako Twoja ksiegowa mam na bierzaco wglad to Twoich wydatkow .<\/p>\n","protected":false},"excerpt":{"rendered":"<p>Pomagamy przedsiebiorca za\u0142o\u017cy\u0107 i zarz\u0105dza\u0107 Twoj\u0105 firma . Oszcz\u0119dzaj czas dzi\u0119ki inteligentnej ksi\u0119gowo\u015bci online dla ZZP\u2019er.<\/p>\n<p>Organizujemy Twoj\u0105 administracj\u0119 finansow\u0105 od A do Z. Ksi\u0119gowo\u015b\u0107 online zapewnia prawid\u0142ow\u0105 i terminow\u0105 organizacj\u0119 Twojej administracji i daje Ci 24\/7 wgl\u0105du w Twoje dochody i wydatki.<\/p>\n<p>Polsolide oferuje wszystko pod jednym dachem.<\/p>\n","protected":false},"featured_media":0,"template":"","meta":{"inline_featured_image":false},"product_cat":[60],"product_tag":[],"class_list":["post-1739","product","type-product","status-publish","hentry","product_cat-administracja-i-ksiegowosc-pl"],"_links":{"self":[{"href":"https:\/\/www.polsolide.nl\/pl\/wp-json\/wp\/v2\/product\/1739","targetHints":{"allow":["GET"]}}],"collection":[{"href":"https:\/\/www.polsolide.nl\/pl\/wp-json\/wp\/v2\/product"}],"about":[{"href":"https:\/\/www.polsolide.nl\/pl\/wp-json\/wp\/v2\/types\/product"}],"wp:attachment":[{"href":"https:\/\/www.polsolide.nl\/pl\/wp-json\/wp\/v2\/media?parent=1739"}],"wp:term":[{"taxonomy":"product_cat","embeddable":true,"href":"https:\/\/www.polsolide.nl\/pl\/wp-json\/wp\/v2\/product_cat?post=1739"},{"taxonomy":"product_tag","embeddable":true,"href":"https:\/\/www.polsolide.nl\/pl\/wp-json\/wp\/v2\/product_tag?post=1739"}],"curies":[{"name":"wp","href":"https:\/\/api.w.org\/{rel}","templated":true}]}}