{"id":1688,"date":"2022-07-15T11:47:20","date_gmt":"2022-07-15T09:47:20","guid":{"rendered":"https:\/\/www.polsolide.nl\/strona-glowna\/"},"modified":"2022-10-27T09:50:30","modified_gmt":"2022-10-27T07:50:30","slug":"strona-glowna","status":"publish","type":"page","link":"https:\/\/www.polsolide.nl\/pl\/","title":{"rendered":"Strona g\u0142\u00f3wna"},"content":{"rendered":"\t\t<div data-elementor-type=\"wp-post\" data-elementor-id=\"1688\" class=\"elementor elementor-1688 elementor-7\">\n\t\t\t\t\t\t\t\t\t<section class=\"elementor-section elementor-top-section elementor-element elementor-element-b31694a elementor-section-full_width elementor-section-stretched elementor-section-height-default elementor-section-height-default\" data-id=\"b31694a\" data-element_type=\"section\" data-settings=\"{&quot;stretch_section&quot;:&quot;section-stretched&quot;}\">\n\t\t\t\t\t\t<div class=\"elementor-container elementor-column-gap-default\">\n\t\t\t\t\t<div class=\"elementor-column elementor-col-100 elementor-top-column elementor-element elementor-element-a43a9d7\" data-id=\"a43a9d7\" data-element_type=\"column\">\n\t\t\t<div class=\"elementor-widget-wrap elementor-element-populated\">\n\t\t\t\t\t\t\t\t<div class=\"elementor-element elementor-element-4242508 elementor-widget elementor-widget-slider_revolution\" data-id=\"4242508\" data-element_type=\"widget\" data-widget_type=\"slider_revolution.default\">\n\t\t\t\t<div class=\"elementor-widget-container\">\n\t\t\t\n\t\t<div class=\"wp-block-themepunch-revslider\">\n\t\t\t<!-- START ADMINISTRATIE POLSKI REVOLUTION SLIDER 6.5.15 --><p class=\"rs-p-wp-fix\"><\/p>\n\t\t\t<rs-module-wrap id=\"rev_slider_4_1_wrapper\" data-source=\"gallery\" style=\"visibility:hidden;background:transparent;padding:0;margin:0px auto;margin-top:0;margin-bottom:0;\">\n\t\t\t\t<rs-module id=\"rev_slider_4_1\" style=\"\" data-version=\"6.5.15\">\n\t\t\t\t\t<rs-slides>\n\t\t\t\t\t\t<rs-slide style=\"position: absolute;\" data-key=\"rs-4\" data-title=\"Slide\" data-in=\"o:0;\" data-out=\"a:false;\">\n\t\t\t\t\t\t\t<img loading=\"lazy\" decoding=\"async\" src=\"\/\/www.polsolide.nl\/wp-content\/plugins\/revslider\/public\/assets\/assets\/dummy.png\" alt=\"\" title=\"pexels-pavel-danilyuk-7654592\" width=\"1709\" height=\"2560\" class=\"rev-slidebg tp-rs-img rs-lazyload\" data-lazyload=\"\/\/www.polsolide.nl\/wp-content\/uploads\/2022\/10\/pexels-pavel-danilyuk-7654592-scaled.jpg\" data-no-retina>\n<!--\n\t\t\t\t\t\t\t--><rs-layer\n\t\t\t\t\t\t\t\tid=\"slider-4-slide-4-layer-0\" \n\t\t\t\t\t\t\t\tdata-type=\"text\"\n\t\t\t\t\t\t\t\tdata-color=\"#fff\"\n\t\t\t\t\t\t\t\tdata-rsp_ch=\"on\"\n\t\t\t\t\t\t\t\tdata-xy=\"x:50px;y:312px;\"\n\t\t\t\t\t\t\t\tdata-text=\"w:normal;s:90;l:50;ls:7px;fw:900;\"\n\t\t\t\t\t\t\t\tdata-dim=\"w:375;minh:0;\"\n\t\t\t\t\t\t\t\tdata-frame_0=\"o:1;\"\n\t\t\t\t\t\t\t\tdata-frame_0_chars=\"d:5;o:0;rX:-90deg;oZ:-50;\"\n\t\t\t\t\t\t\t\tdata-frame_1=\"st:690;sp:1750;sR:690;\"\n\t\t\t\t\t\t\t\tdata-frame_1_chars=\"e:power4.inOut;d:10;oZ:-50;\"\n\t\t\t\t\t\t\t\tdata-frame_999=\"o:0;e:sine.in;st:w;sR:5660;\"\n\t\t\t\t\t\t\t\tstyle=\"z-index:5;font-family:'Roboto';text-transform:uppercase;\"\n\t\t\t\t\t\t\t>POLSOLIDE \n\t\t\t\t\t\t\t<\/rs-layer><!--\n\n\t\t\t\t\t\t\t--><rs-layer\n\t\t\t\t\t\t\t\tid=\"slider-4-slide-4-layer-1\" \n\t\t\t\t\t\t\t\tdata-type=\"text\"\n\t\t\t\t\t\t\t\tdata-color=\"#fff\"\n\t\t\t\t\t\t\t\tdata-rsp_ch=\"on\"\n\t\t\t\t\t\t\t\tdata-xy=\"x:57px;y:363px;\"\n\t\t\t\t\t\t\t\tdata-text=\"w:normal;s:40;l:60;ls:-3px;fw:300;\"\n\t\t\t\t\t\t\t\tdata-dim=\"minh:0px;\"\n\t\t\t\t\t\t\t\tdata-frame_0=\"x:-175%;o:1;\"\n\t\t\t\t\t\t\t\tdata-frame_0_mask=\"u:t;x:100%;\"\n\t\t\t\t\t\t\t\tdata-frame_1=\"e:power3.out;st:2800;sp:1000;sR:2800;\"\n\t\t\t\t\t\t\t\tdata-frame_1_mask=\"u:t;\"\n\t\t\t\t\t\t\t\tdata-frame_999=\"o:0;st:w;sR:5200;\"\n\t\t\t\t\t\t\t\tstyle=\"z-index:6;font-family:'Rubik';\"\n\t\t\t\t\t\t\t>ADMINISTARCJA & KSIEGOWOSC \n\t\t\t\t\t\t\t<\/rs-layer><!--\n-->\t\t\t\t\t\t<\/rs-slide>\n\t\t\t\t\t<\/rs-slides>\n\t\t\t\t<\/rs-module>\n\t\t\t\t<script>\n\t\t\t\t\tsetREVStartSize({c: 'rev_slider_4_1',rl:[1240,1024,778,480],el:[700],gw:[1240],gh:[700],type:'standard',justify:'',layout:'fullwidth',mh:\"0\"});if (window.RS_MODULES!==undefined && window.RS_MODULES.modules!==undefined && window.RS_MODULES.modules[\"revslider41\"]!==undefined) {window.RS_MODULES.modules[\"revslider41\"].once = false;window.revapi4 = undefined;if (window.RS_MODULES.checkMinimal!==undefined) window.RS_MODULES.checkMinimal()}\n\t\t\t\t<\/script>\n\t\t\t<\/rs-module-wrap>\n\t\t\t<!-- END REVOLUTION SLIDER -->\n<\/div>\n\n\t\t\t\t<\/div>\n\t\t\t\t<\/div>\n\t\t\t\t\t<\/div>\n\t\t<\/div>\n\t\t\t\t\t\t\t<\/div>\n\t\t<\/section>\n\t\t\t\t<section class=\"elementor-section elementor-top-section elementor-element elementor-element-7c0a78b elementor-section-boxed elementor-section-height-default elementor-section-height-default\" data-id=\"7c0a78b\" data-element_type=\"section\">\n\t\t\t\t\t\t<div class=\"elementor-container elementor-column-gap-default\">\n\t\t\t\t\t<div class=\"elementor-column elementor-col-100 elementor-top-column elementor-element elementor-element-a9e4d95\" data-id=\"a9e4d95\" data-element_type=\"column\">\n\t\t\t<div class=\"elementor-widget-wrap elementor-element-populated\">\n\t\t\t\t\t\t\t\t<div class=\"elementor-element elementor-element-45e0917 elementor-widget elementor-widget-heading\" data-id=\"45e0917\" data-element_type=\"widget\" data-widget_type=\"heading.default\">\n\t\t\t\t<div class=\"elementor-widget-container\">\n\t\t\t<style>\/*! elementor - v3.9.0 - 06-12-2022 *\/\n.elementor-heading-title{padding:0;margin:0;line-height:1}.elementor-widget-heading .elementor-heading-title[class*=elementor-size-]>a{color:inherit;font-size:inherit;line-height:inherit}.elementor-widget-heading .elementor-heading-title.elementor-size-small{font-size:15px}.elementor-widget-heading .elementor-heading-title.elementor-size-medium{font-size:19px}.elementor-widget-heading .elementor-heading-title.elementor-size-large{font-size:29px}.elementor-widget-heading .elementor-heading-title.elementor-size-xl{font-size:39px}.elementor-widget-heading .elementor-heading-title.elementor-size-xxl{font-size:59px}<\/style><h2 class=\"elementor-heading-title elementor-size-default\">O POLSOLIDE<\/h2>\t\t<\/div>\n\t\t\t\t<\/div>\n\t\t\t\t\t<\/div>\n\t\t<\/div>\n\t\t\t\t\t\t\t<\/div>\n\t\t<\/section>\n\t\t\t\t<section class=\"elementor-section elementor-top-section elementor-element elementor-element-b073cc2 elementor-section-boxed elementor-section-height-default elementor-section-height-default\" data-id=\"b073cc2\" data-element_type=\"section\">\n\t\t\t\t\t\t<div class=\"elementor-container elementor-column-gap-default\">\n\t\t\t\t\t<div class=\"elementor-column elementor-col-100 elementor-top-column elementor-element elementor-element-fe0ee29\" data-id=\"fe0ee29\" data-element_type=\"column\">\n\t\t\t<div class=\"elementor-widget-wrap elementor-element-populated\">\n\t\t\t\t\t\t\t\t<section class=\"elementor-section elementor-inner-section elementor-element elementor-element-7d0cb00 elementor-section-boxed elementor-section-height-default elementor-section-height-default\" data-id=\"7d0cb00\" data-element_type=\"section\">\n\t\t\t\t\t\t<div class=\"elementor-container elementor-column-gap-no\">\n\t\t\t\t\t<div class=\"elementor-column elementor-col-100 elementor-inner-column elementor-element elementor-element-a810765\" data-id=\"a810765\" data-element_type=\"column\">\n\t\t\t<div class=\"elementor-widget-wrap elementor-element-populated\">\n\t\t\t\t\t\t\t\t<div class=\"elementor-element elementor-element-385a290 elementor-widget elementor-widget-heading\" data-id=\"385a290\" data-element_type=\"widget\" data-widget_type=\"heading.default\">\n\t\t\t\t<div class=\"elementor-widget-container\">\n\t\t\t<h3 class=\"elementor-heading-title elementor-size-default\">Mocno wierzymy w spersonalizowane podej\u015bcie \ud83e\udd1d<\/h3>\t\t<\/div>\n\t\t\t\t<\/div>\n\t\t\t\t<div class=\"elementor-element elementor-element-36e7938 elementor-widget elementor-widget-text-editor\" data-id=\"36e7938\" data-element_type=\"widget\" data-widget_type=\"text-editor.default\">\n\t\t\t\t<div class=\"elementor-widget-container\">\n\t\t\t<style>\/*! elementor - v3.9.0 - 06-12-2022 *\/\n.elementor-widget-text-editor.elementor-drop-cap-view-stacked .elementor-drop-cap{background-color:#818a91;color:#fff}.elementor-widget-text-editor.elementor-drop-cap-view-framed .elementor-drop-cap{color:#818a91;border:3px solid;background-color:transparent}.elementor-widget-text-editor:not(.elementor-drop-cap-view-default) .elementor-drop-cap{margin-top:8px}.elementor-widget-text-editor:not(.elementor-drop-cap-view-default) .elementor-drop-cap-letter{width:1em;height:1em}.elementor-widget-text-editor .elementor-drop-cap{float:left;text-align:center;line-height:1;font-size:50px}.elementor-widget-text-editor .elementor-drop-cap-letter{display:inline-block}<\/style>\t\t\t\t<p>Polsolide to biuro, kt\u00f3re stawia na solidn\u0105 wsp\u00f3\u0142prac\u0119. Odci\u0105\u017cenie i prowadzenie przedsi\u0119biorcy i osoby prywatnej ma kluczowe znaczenie. Polsolide dba o Twoj\u0105 administracj\u0119 od A do Z. Twoja administracja jest prowadzona, za ustalon\u0105 kwot\u0119 miesi\u0119cznie. Ch\u0119tnie zajmiemy sie Twoimi sprawami zwiazanymi miedzy innymi z : administracja, ksi\u0119gowo\u015bcia i zeznaniami podatkowymi. Polsolide dzia\u0142a w 100% cyfrowo przy pomocy profesjonalnego oprogramowania Nextens oraz programu ksi\u0119gowego SnelStart. To firma jednoosobowa, wi\u0119c zawsze masz do czynienia z t\u0105 sam\u0105 osob\u0105. W\u0142a\u015bcicielka Barbara \u015amietana jest przedsi\u0119biorc\u0105 od 2015 roku, ma du\u017ce do\u015bwiadczenie w tworzeniu i przetwarzaniu administracji oraz zwi\u0105zanych z tym doradztwem.<\/p>\t\t\t\t\t\t<\/div>\n\t\t\t\t<\/div>\n\t\t\t\t\t<\/div>\n\t\t<\/div>\n\t\t\t\t\t\t\t<\/div>\n\t\t<\/section>\n\t\t\t\t\t<\/div>\n\t\t<\/div>\n\t\t\t\t\t\t\t<\/div>\n\t\t<\/section>\n\t\t\t\t<section class=\"elementor-section elementor-top-section elementor-element elementor-element-a0b3241 elementor-section-boxed elementor-section-height-default elementor-section-height-default\" data-id=\"a0b3241\" data-element_type=\"section\" data-settings=\"{&quot;background_background&quot;:&quot;classic&quot;}\">\n\t\t\t\t\t\t<div class=\"elementor-container elementor-column-gap-default\">\n\t\t\t\t\t<div class=\"elementor-column elementor-col-100 elementor-top-column elementor-element elementor-element-0ff791b\" data-id=\"0ff791b\" data-element_type=\"column\">\n\t\t\t<div class=\"elementor-widget-wrap elementor-element-populated\">\n\t\t\t\t\t\t\t\t<div class=\"elementor-element elementor-element-85093b6 elementor-widget elementor-widget-heading\" data-id=\"85093b6\" data-element_type=\"widget\" data-widget_type=\"heading.default\">\n\t\t\t\t<div class=\"elementor-widget-container\">\n\t\t\t<h2 class=\"elementor-heading-title elementor-size-default\">Nasze us\u0142ugi<\/h2>\t\t<\/div>\n\t\t\t\t<\/div>\n\t\t\t\t\t<\/div>\n\t\t<\/div>\n\t\t\t\t\t\t\t<\/div>\n\t\t<\/section>\n\t\t\t\t<section class=\"elementor-section elementor-top-section elementor-element elementor-element-cabee80 elementor-section-boxed elementor-section-height-default elementor-section-height-default\" data-id=\"cabee80\" data-element_type=\"section\" data-settings=\"{&quot;background_background&quot;:&quot;classic&quot;}\">\n\t\t\t\t\t\t<div class=\"elementor-container elementor-column-gap-default\">\n\t\t\t\t\t<div class=\"elementor-column elementor-col-100 elementor-top-column elementor-element elementor-element-fb0904d\" data-id=\"fb0904d\" data-element_type=\"column\">\n\t\t\t<div class=\"elementor-widget-wrap elementor-element-populated\">\n\t\t\t\t\t\t\t\t<section class=\"elementor-section elementor-inner-section elementor-element elementor-element-00f3d55 elementor-section-boxed elementor-section-height-default elementor-section-height-default\" data-id=\"00f3d55\" data-element_type=\"section\">\n\t\t\t\t\t\t<div class=\"elementor-container elementor-column-gap-default\">\n\t\t\t\t\t<div class=\"elementor-column elementor-col-50 elementor-inner-column elementor-element elementor-element-90c7a66 content-box\" data-id=\"90c7a66\" data-element_type=\"column\">\n\t\t\t<div class=\"elementor-widget-wrap elementor-element-populated\">\n\t\t\t\t\t\t\t\t<div class=\"elementor-element elementor-element-9fe241b elementor-widget elementor-widget-text-editor\" data-id=\"9fe241b\" data-element_type=\"widget\" data-widget_type=\"text-editor.default\">\n\t\t\t\t<div class=\"elementor-widget-container\">\n\t\t\t\t\t\t\t<p><strong>Administracja i ksi\u0119gowo\u015b\u0107<\/strong><\/p><p>Przez te wszystkie lata prowadze wszelkie sprawy administracyjne dla osob ktore maja trudnosci z jezykiem niderlandzkim. Mozesz ze spokojem powierzyc mi kazda sprawe , wachlarz ofert jest bardzo szeroki.\u00a0 Ja Wspolpracuje rowniez z ksiegowa w Polsce , ktora jest odpowiedzialna za rozliczenia podatkowe oraz zaswiadczenia o dochodach. Pracujemy calkowicie online.<\/p>\t\t\t\t\t\t<\/div>\n\t\t\t\t<\/div>\n\t\t\t\t<div class=\"elementor-element elementor-element-84205c5 elementor-button-info btn elementor-align-right elementor-absolute elementor-widget elementor-widget-button\" data-id=\"84205c5\" data-element_type=\"widget\" data-settings=\"{&quot;_position&quot;:&quot;absolute&quot;}\" data-widget_type=\"button.default\">\n\t\t\t\t<div class=\"elementor-widget-container\">\n\t\t\t\t\t<div class=\"elementor-button-wrapper\">\n\t\t\t<a href=\"https:\/\/www.polsolide.nl\/pl\/administracja-ksiegowosc\/\" class=\"elementor-button-link elementor-button elementor-size-sm\" role=\"button\">\n\t\t\t\t\t\t<span class=\"elementor-button-content-wrapper\">\n\t\t\t\t\t\t\t<span class=\"elementor-button-icon elementor-align-icon-right\">\n\t\t\t\t<i aria-hidden=\"true\" class=\"fas fa-arrow-right\"><\/i>\t\t\t<\/span>\n\t\t\t\t\t\t<span class=\"elementor-button-text\">czytaj wi\u0119cej<\/span>\n\t\t<\/span>\n\t\t\t\t\t<\/a>\n\t\t<\/div>\n\t\t\t\t<\/div>\n\t\t\t\t<\/div>\n\t\t\t\t\t<\/div>\n\t\t<\/div>\n\t\t\t\t<div class=\"elementor-column elementor-col-50 elementor-inner-column elementor-element elementor-element-1cee2d1 content-box\" data-id=\"1cee2d1\" data-element_type=\"column\">\n\t\t\t<div class=\"elementor-widget-wrap elementor-element-populated\">\n\t\t\t\t\t\t\t\t<div class=\"elementor-element elementor-element-1341f69 elementor-widget elementor-widget-text-editor\" data-id=\"1341f69\" data-element_type=\"widget\" data-widget_type=\"text-editor.default\">\n\t\t\t\t<div class=\"elementor-widget-container\">\n\t\t\t\t\t\t\t<p><strong>wybierz abonament<\/strong><\/p><p>P\u0142acisz sta\u0142\u0105 miesi\u0119czn\u0105 op\u0142at\u0119, za kt\u00f3r\u0105 pomagamy Ci przez ca\u0142y czas w kwestiach administracyjnych i podatkowych oraz za kt\u00f3r\u0105 utrzymujemy w porz\u0105dku Twoj\u0105 dokumentacj\u0119. Oznacza to brak niespodziewanych wysokich rachunk\u00f3w po fakcie, ale roz\u0142o\u017cenie koszt\u00f3w na poszczeg\u00f3lne miesi\u0105ce. Zar\u00f3wno przedsi\u0119biorca jak i osoba fizyczna otrzymuj\u0105 swoje dane do logowania, wsp\u00f3\u0142pracujemy online. Wybierz abonament, kt\u00f3ry najbardziej Ci odpowiada, bez op\u0142aty rejestracyjnej dla os\u00f3b fizycznych<\/p><p>Subskrypcje prowadzone s\u0105 przez MOLLIE na okres 12 miesi\u0119cy.<\/p>\t\t\t\t\t\t<\/div>\n\t\t\t\t<\/div>\n\t\t\t\t<div class=\"elementor-element elementor-element-ac385d7 elementor-button-info btn elementor-align-right elementor-absolute elementor-widget elementor-widget-button\" data-id=\"ac385d7\" data-element_type=\"widget\" data-settings=\"{&quot;_position&quot;:&quot;absolute&quot;}\" data-widget_type=\"button.default\">\n\t\t\t\t<div class=\"elementor-widget-container\">\n\t\t\t\t\t<div class=\"elementor-button-wrapper\">\n\t\t\t<a href=\"https:\/\/www.polsolide.nl\/pl\/administracja-ksiegowosc\/#container-pakketten\" class=\"elementor-button-link elementor-button elementor-size-sm\" role=\"button\">\n\t\t\t\t\t\t<span class=\"elementor-button-content-wrapper\">\n\t\t\t\t\t\t\t<span class=\"elementor-button-icon elementor-align-icon-right\">\n\t\t\t\t<i aria-hidden=\"true\" class=\"fas fa-arrow-right\"><\/i>\t\t\t<\/span>\n\t\t\t\t\t\t<span class=\"elementor-button-text\">czytaj wi\u0119cej<\/span>\n\t\t<\/span>\n\t\t\t\t\t<\/a>\n\t\t<\/div>\n\t\t\t\t<\/div>\n\t\t\t\t<\/div>\n\t\t\t\t\t<\/div>\n\t\t<\/div>\n\t\t\t\t\t\t\t<\/div>\n\t\t<\/section>\n\t\t\t\t<section class=\"elementor-section elementor-inner-section elementor-element elementor-element-f1405f7 elementor-section-boxed elementor-section-height-default elementor-section-height-default\" data-id=\"f1405f7\" data-element_type=\"section\">\n\t\t\t\t\t\t<div class=\"elementor-container elementor-column-gap-default\">\n\t\t\t\t\t<div class=\"elementor-column elementor-col-50 elementor-inner-column elementor-element elementor-element-39a7a5b content-box\" data-id=\"39a7a5b\" data-element_type=\"column\">\n\t\t\t<div class=\"elementor-widget-wrap elementor-element-populated\">\n\t\t\t\t\t\t\t\t<div class=\"elementor-element elementor-element-eda86c4 elementor-widget elementor-widget-text-editor\" data-id=\"eda86c4\" data-element_type=\"widget\" data-widget_type=\"text-editor.default\">\n\t\t\t\t<div class=\"elementor-widget-container\">\n\t\t\t\t\t\t\t<p><strong>Lifecoach<\/strong><\/p><p>Life coach szkoli ludzi w kszta\u0142towaniu w\u0142asnego \u017cycia osobistego, biznesowego i spo\u0142ecznego. Wyb\u00f3r trenera \u017cyciowego jest osobisty. Ludzie staj\u0105 si\u0119 \u015bwiadomi i szukaj\u0105 wi\u0119cej tre\u015bci i znaczenia. I zawsze obraca si\u0119 to wok\u00f3\u0142 trzech podstawowych pyta\u0144: kim jestem, czego chc\u0119 i co mog\u0119 zrobi\u0107.<br \/><br \/>Dlaczego Life Coach?<br \/><br \/>Life coach wspiera Ci\u0119 w rozwijaniu talent\u00f3w, wzmacnianiu pewno\u015bci siebie i osi\u0105ganiu cel\u00f3w. Tw\u00f3j coach pomaga ci nauczy\u0107 si\u0119 lepiej komunikowa\u0107, motywuje ci\u0119, pomaga odkry\u0107 w\u0142asne mocne i s\u0142abe strony oraz og\u00f3lnie w samorozwoju.<\/p>\t\t\t\t\t\t<\/div>\n\t\t\t\t<\/div>\n\t\t\t\t<div class=\"elementor-element elementor-element-d4a416c elementor-button-info btn elementor-align-right elementor-absolute elementor-widget elementor-widget-button\" data-id=\"d4a416c\" data-element_type=\"widget\" data-settings=\"{&quot;_position&quot;:&quot;absolute&quot;}\" data-widget_type=\"button.default\">\n\t\t\t\t<div class=\"elementor-widget-container\">\n\t\t\t\t\t<div class=\"elementor-button-wrapper\">\n\t\t\t<a href=\"https:\/\/www.polsolide.nl\/pl\/trener-zyciowy\/\" class=\"elementor-button-link elementor-button elementor-size-sm\" role=\"button\">\n\t\t\t\t\t\t<span class=\"elementor-button-content-wrapper\">\n\t\t\t\t\t\t\t<span class=\"elementor-button-icon elementor-align-icon-right\">\n\t\t\t\t<i aria-hidden=\"true\" class=\"fas fa-arrow-right\"><\/i>\t\t\t<\/span>\n\t\t\t\t\t\t<span class=\"elementor-button-text\">czytaj wi\u0119cej<\/span>\n\t\t<\/span>\n\t\t\t\t\t<\/a>\n\t\t<\/div>\n\t\t\t\t<\/div>\n\t\t\t\t<\/div>\n\t\t\t\t\t<\/div>\n\t\t<\/div>\n\t\t\t\t<div class=\"elementor-column elementor-col-50 elementor-inner-column elementor-element elementor-element-d603040 content-box\" data-id=\"d603040\" data-element_type=\"column\">\n\t\t\t<div class=\"elementor-widget-wrap elementor-element-populated\">\n\t\t\t\t\t\t\t\t<div class=\"elementor-element elementor-element-e67cabb elementor-widget elementor-widget-text-editor\" data-id=\"e67cabb\" data-element_type=\"widget\" data-widget_type=\"text-editor.default\">\n\t\t\t\t<div class=\"elementor-widget-container\">\n\t\t\t\t\t\t\t<p><strong>T\u0142umaczenie ustne \/ pisemne<\/strong><\/p><p>W najblizeszj przyszlosci uslugi tlumaczen przysieglych<\/p>\t\t\t\t\t\t<\/div>\n\t\t\t\t<\/div>\n\t\t\t\t<div class=\"elementor-element elementor-element-5c2ea17 elementor-button-info btn elementor-align-right elementor-absolute elementor-widget elementor-widget-button\" data-id=\"5c2ea17\" data-element_type=\"widget\" data-settings=\"{&quot;_position&quot;:&quot;absolute&quot;}\" data-widget_type=\"button.default\">\n\t\t\t\t<div class=\"elementor-widget-container\">\n\t\t\t\t\t<div class=\"elementor-button-wrapper\">\n\t\t\t<a href=\"#\" class=\"elementor-button-link elementor-button elementor-size-sm\" role=\"button\">\n\t\t\t\t\t\t<span class=\"elementor-button-content-wrapper\">\n\t\t\t\t\t\t\t<span class=\"elementor-button-icon elementor-align-icon-right\">\n\t\t\t\t<i aria-hidden=\"true\" class=\"fas fa-arrow-right\"><\/i>\t\t\t<\/span>\n\t\t\t\t\t\t<span class=\"elementor-button-text\">czytaj wi\u0119cej<\/span>\n\t\t<\/span>\n\t\t\t\t\t<\/a>\n\t\t<\/div>\n\t\t\t\t<\/div>\n\t\t\t\t<\/div>\n\t\t\t\t\t<\/div>\n\t\t<\/div>\n\t\t\t\t\t\t\t<\/div>\n\t\t<\/section>\n\t\t\t\t\t<\/div>\n\t\t<\/div>\n\t\t\t\t\t\t\t<\/div>\n\t\t<\/section>\n\t\t\t\t<section class=\"elementor-section elementor-top-section elementor-element elementor-element-2304f1b elementor-section-boxed elementor-section-height-default elementor-section-height-default\" data-id=\"2304f1b\" data-element_type=\"section\" data-settings=\"{&quot;background_background&quot;:&quot;classic&quot;}\">\n\t\t\t\t\t\t<div class=\"elementor-container elementor-column-gap-default\">\n\t\t\t\t\t<div class=\"elementor-column elementor-col-50 elementor-top-column elementor-element elementor-element-fda206a\" data-id=\"fda206a\" data-element_type=\"column\">\n\t\t\t<div class=\"elementor-widget-wrap elementor-element-populated\">\n\t\t\t\t\t\t\t\t<div class=\"elementor-element elementor-element-130e5f9 elementor-widget elementor-widget-heading\" data-id=\"130e5f9\" data-element_type=\"widget\" data-widget_type=\"heading.default\">\n\t\t\t\t<div class=\"elementor-widget-container\">\n\t\t\t<h2 class=\"elementor-heading-title elementor-size-default\">Zapraszamy do kontaktu z nami<\/h2>\t\t<\/div>\n\t\t\t\t<\/div>\n\t\t\t\t\t<\/div>\n\t\t<\/div>\n\t\t\t\t<div class=\"elementor-column elementor-col-50 elementor-top-column elementor-element elementor-element-6f85559\" data-id=\"6f85559\" data-element_type=\"column\">\n\t\t\t<div class=\"elementor-widget-wrap elementor-element-populated\">\n\t\t\t\t\t\t\t\t<div class=\"elementor-element elementor-element-caf40ac elementor-button-info btn btn-big-circle elementor-align-right elementor-mobile-align-center elementor-widget elementor-widget-button\" data-id=\"caf40ac\" data-element_type=\"widget\" data-widget_type=\"button.default\">\n\t\t\t\t<div class=\"elementor-widget-container\">\n\t\t\t\t\t<div class=\"elementor-button-wrapper\">\n\t\t\t<a href=\"https:\/\/www.polsolide.nl\/pl\/kontakt\/\" class=\"elementor-button-link elementor-button elementor-size-sm\" role=\"button\">\n\t\t\t\t\t\t<span class=\"elementor-button-content-wrapper\">\n\t\t\t\t\t\t\t<span class=\"elementor-button-icon elementor-align-icon-right\">\n\t\t\t\t<i aria-hidden=\"true\" class=\"fas fa-arrow-right\"><\/i>\t\t\t<\/span>\n\t\t\t\t\t\t<span class=\"elementor-button-text\"><\/span>\n\t\t<\/span>\n\t\t\t\t\t<\/a>\n\t\t<\/div>\n\t\t\t\t<\/div>\n\t\t\t\t<\/div>\n\t\t\t\t\t<\/div>\n\t\t<\/div>\n\t\t\t\t\t\t\t<\/div>\n\t\t<\/section>\n\t\t\t\t\t\t\t<\/div>\n\t\t","protected":false},"excerpt":{"rendered":"<p>O POLSOLIDE Mocno wierzymy w spersonalizowane podej\u015bcie \ud83e\udd1d Polsolide to biuro, kt\u00f3re stawia na solidn\u0105 wsp\u00f3\u0142prac\u0119. Odci\u0105\u017cenie i prowadzenie przedsi\u0119biorcy i osoby prywatnej ma kluczowe znaczenie. Polsolide dba o Twoj\u0105 administracj\u0119 od A do Z. Twoja administracja jest prowadzona, za ustalon\u0105 kwot\u0119 miesi\u0119cznie. Ch\u0119tnie zajmiemy sie Twoimi sprawami zwiazanymi miedzy innymi z : administracja, ksi\u0119gowo\u015bcia [&hellip;]<\/p>\n","protected":false},"author":1,"featured_media":0,"parent":0,"menu_order":0,"comment_status":"closed","ping_status":"closed","template":"","meta":{"inline_featured_image":false,"footnotes":""},"class_list":["post-1688","page","type-page","status-publish","hentry"],"_links":{"self":[{"href":"https:\/\/www.polsolide.nl\/pl\/wp-json\/wp\/v2\/pages\/1688","targetHints":{"allow":["GET"]}}],"collection":[{"href":"https:\/\/www.polsolide.nl\/pl\/wp-json\/wp\/v2\/pages"}],"about":[{"href":"https:\/\/www.polsolide.nl\/pl\/wp-json\/wp\/v2\/types\/page"}],"author":[{"embeddable":true,"href":"https:\/\/www.polsolide.nl\/pl\/wp-json\/wp\/v2\/users\/1"}],"replies":[{"embeddable":true,"href":"https:\/\/www.polsolide.nl\/pl\/wp-json\/wp\/v2\/comments?post=1688"}],"version-history":[{"count":31,"href":"https:\/\/www.polsolide.nl\/pl\/wp-json\/wp\/v2\/pages\/1688\/revisions"}],"predecessor-version":[{"id":1949,"href":"https:\/\/www.polsolide.nl\/pl\/wp-json\/wp\/v2\/pages\/1688\/revisions\/1949"}],"wp:attachment":[{"href":"https:\/\/www.polsolide.nl\/pl\/wp-json\/wp\/v2\/media?parent=1688"}],"curies":[{"name":"wp","href":"https:\/\/api.w.org\/{rel}","templated":true}]}}